{"id":612,"date":"2023-05-11T16:38:59","date_gmt":"2023-05-11T16:38:59","guid":{"rendered":"https:\/\/help.imitatio.app\/?page_id=612"},"modified":"2023-05-30T17:04:43","modified_gmt":"2023-05-30T17:04:43","slug":"thankyou","status":"publish","type":"page","link":"https:\/\/help.followchristdaily.app\/es\/thankyou\/","title":{"rendered":"gracias"},"content":{"rendered":"<h2 class=\"wp-block-heading has-text-align-center\">\u00a1Gracias!<\/h2>\n\n\n\n<p class=\"has-text-align-center\">\u00a1Gracias por su inter\u00e9s en unirse al grupo de pruebas beta de la aplicaci\u00f3n Follow Christ Daily! Nos comunicaremos pronto con m\u00e1s instrucciones.<\/p>\n\n\n\n<div class=\"wp-block-buttons is-content-justification-center is-layout-flex wp-container-core-buttons-is-layout-28206b41 wp-block-buttons-is-layout-flex\">\n<div class=\"wp-block-button\"><a class=\"wp-block-button__link wp-element-button\" href=\"https:\/\/imitatio.app\/\">Volver a la p\u00e1gina de inicio<\/a><\/div>\n<\/div>","protected":false},"excerpt":{"rendered":"<p>Thank you! Thank you for your interest in joining the Follow Christ Daily app beta testing cohort! We&#8217;ll be in touch soon with further instructions.<\/p>","protected":false},"author":1,"featured_media":0,"parent":0,"menu_order":0,"comment_status":"closed","ping_status":"closed","template":"","meta":{"footnotes":""},"class_list":["post-612","page","type-page","status-publish","hentry"],"yoast_head":"<!-- This site is optimized with the Yoast SEO plugin v26.6 - https:\/\/yoast.com\/wordpress\/plugins\/seo\/ -->\r\n<title>thankyou - Help Follow Christ Daily<\/title>\r\n<meta name=\"robots\" content=\"index, follow, max-snippet:-1, max-image-preview:large, max-video-preview:-1\" \/>\r\n<link rel=\"canonical\" href=\"https:\/\/help.followchristdaily.app\/es\/thankyou\/\" \/>\r\n<meta property=\"og:locale\" content=\"es_ES\" \/>\r\n<meta property=\"og:type\" content=\"article\" \/>\r\n<meta property=\"og:title\" content=\"thankyou - Help Follow Christ Daily\" \/>\r\n<meta property=\"og:description\" content=\"Thank you! Thank you for your interest in joining the Follow Christ Daily app beta testing cohort! We&#8217;ll be in touch soon with further instructions.\" \/>\r\n<meta property=\"og:url\" content=\"https:\/\/help.followchristdaily.app\/es\/thankyou\/\" \/>\r\n<meta property=\"og:site_name\" content=\"Help Follow Christ Daily\" \/>\r\n<meta property=\"article:modified_time\" content=\"2023-05-30T17:04:43+00:00\" \/>\r\n<meta name=\"twitter:card\" content=\"summary_large_image\" \/>\r\n<meta name=\"twitter:label1\" content=\"Tiempo de lectura\" \/>\n\t<meta name=\"twitter:data1\" content=\"1 minuto\" \/>\r\n<script type=\"application\/ld+json\" class=\"yoast-schema-graph\">{\"@context\":\"https:\/\/schema.org\",\"@graph\":[{\"@type\":\"WebPage\",\"@id\":\"https:\/\/help.followchristdaily.app\/thankyou\/\",\"url\":\"https:\/\/help.followchristdaily.app\/thankyou\/\",\"name\":\"thankyou - Help Follow Christ Daily\",\"isPartOf\":{\"@id\":\"https:\/\/help.followchristdaily.app\/#website\"},\"datePublished\":\"2023-05-11T16:38:59+00:00\",\"dateModified\":\"2023-05-30T17:04:43+00:00\",\"breadcrumb\":{\"@id\":\"https:\/\/help.followchristdaily.app\/thankyou\/#breadcrumb\"},\"inLanguage\":\"es\",\"potentialAction\":[{\"@type\":\"ReadAction\",\"target\":[\"https:\/\/help.followchristdaily.app\/thankyou\/\"]}]},{\"@type\":\"BreadcrumbList\",\"@id\":\"https:\/\/help.followchristdaily.app\/thankyou\/#breadcrumb\",\"itemListElement\":[{\"@type\":\"ListItem\",\"position\":1,\"name\":\"Home\",\"item\":\"https:\/\/help.followchristdaily.app\/\"},{\"@type\":\"ListItem\",\"position\":2,\"name\":\"thankyou\"}]},{\"@type\":\"WebSite\",\"@id\":\"https:\/\/help.followchristdaily.app\/#website\",\"url\":\"https:\/\/help.followchristdaily.app\/\",\"name\":\"Help Follow Christ Daily\",\"description\":\"\",\"publisher\":{\"@id\":\"https:\/\/help.followchristdaily.app\/#organization\"},\"potentialAction\":[{\"@type\":\"SearchAction\",\"target\":{\"@type\":\"EntryPoint\",\"urlTemplate\":\"https:\/\/help.followchristdaily.app\/?s={search_term_string}\"},\"query-input\":{\"@type\":\"PropertyValueSpecification\",\"valueRequired\":true,\"valueName\":\"search_term_string\"}}],\"inLanguage\":\"es\"},{\"@type\":\"Organization\",\"@id\":\"https:\/\/help.followchristdaily.app\/#organization\",\"name\":\"Help Follow Christ Daily\",\"url\":\"https:\/\/help.followchristdaily.app\/\",\"logo\":{\"@type\":\"ImageObject\",\"inLanguage\":\"es\",\"@id\":\"https:\/\/help.followchristdaily.app\/#\/schema\/logo\/image\/\",\"url\":\"https:\/\/help.followchristdaily.app\/wp-content\/uploads\/2023\/05\/followchrist.png\",\"contentUrl\":\"https:\/\/help.followchristdaily.app\/wp-content\/uploads\/2023\/05\/followchrist.png\",\"width\":840,\"height\":448,\"caption\":\"Help Follow Christ Daily\"},\"image\":{\"@id\":\"https:\/\/help.followchristdaily.app\/#\/schema\/logo\/image\/\"}}]}<\/script>\r\n<!-- \/ Yoast SEO plugin. -->","yoast_head_json":{"title":"thankyou - Help Follow Christ Daily","robots":{"index":"index","follow":"follow","max-snippet":"max-snippet:-1","max-image-preview":"max-image-preview:large","max-video-preview":"max-video-preview:-1"},"canonical":"https:\/\/help.followchristdaily.app\/es\/thankyou\/","og_locale":"es_ES","og_type":"article","og_title":"thankyou - Help Follow Christ Daily","og_description":"Thank you! Thank you for your interest in joining the Follow Christ Daily app beta testing cohort! We&#8217;ll be in touch soon with further instructions.","og_url":"https:\/\/help.followchristdaily.app\/es\/thankyou\/","og_site_name":"Help Follow Christ Daily","article_modified_time":"2023-05-30T17:04:43+00:00","twitter_card":"summary_large_image","twitter_misc":{"Tiempo de lectura":"1 minuto"},"schema":{"@context":"https:\/\/schema.org","@graph":[{"@type":"WebPage","@id":"https:\/\/help.followchristdaily.app\/thankyou\/","url":"https:\/\/help.followchristdaily.app\/thankyou\/","name":"thankyou - Help Follow Christ Daily","isPartOf":{"@id":"https:\/\/help.followchristdaily.app\/#website"},"datePublished":"2023-05-11T16:38:59+00:00","dateModified":"2023-05-30T17:04:43+00:00","breadcrumb":{"@id":"https:\/\/help.followchristdaily.app\/thankyou\/#breadcrumb"},"inLanguage":"es","potentialAction":[{"@type":"ReadAction","target":["https:\/\/help.followchristdaily.app\/thankyou\/"]}]},{"@type":"BreadcrumbList","@id":"https:\/\/help.followchristdaily.app\/thankyou\/#breadcrumb","itemListElement":[{"@type":"ListItem","position":1,"name":"Home","item":"https:\/\/help.followchristdaily.app\/"},{"@type":"ListItem","position":2,"name":"thankyou"}]},{"@type":"WebSite","@id":"https:\/\/help.followchristdaily.app\/#website","url":"https:\/\/help.followchristdaily.app\/","name":"Help Follow Christ Daily","description":"","publisher":{"@id":"https:\/\/help.followchristdaily.app\/#organization"},"potentialAction":[{"@type":"SearchAction","target":{"@type":"EntryPoint","urlTemplate":"https:\/\/help.followchristdaily.app\/?s={search_term_string}"},"query-input":{"@type":"PropertyValueSpecification","valueRequired":true,"valueName":"search_term_string"}}],"inLanguage":"es"},{"@type":"Organization","@id":"https:\/\/help.followchristdaily.app\/#organization","name":"Help Follow Christ Daily","url":"https:\/\/help.followchristdaily.app\/","logo":{"@type":"ImageObject","inLanguage":"es","@id":"https:\/\/help.followchristdaily.app\/#\/schema\/logo\/image\/","url":"https:\/\/help.followchristdaily.app\/wp-content\/uploads\/2023\/05\/followchrist.png","contentUrl":"https:\/\/help.followchristdaily.app\/wp-content\/uploads\/2023\/05\/followchrist.png","width":840,"height":448,"caption":"Help Follow Christ Daily"},"image":{"@id":"https:\/\/help.followchristdaily.app\/#\/schema\/logo\/image\/"}}]}},"_links":{"self":[{"href":"https:\/\/help.followchristdaily.app\/es\/wp-json\/wp\/v2\/pages\/612","targetHints":{"allow":["GET"]}}],"collection":[{"href":"https:\/\/help.followchristdaily.app\/es\/wp-json\/wp\/v2\/pages"}],"about":[{"href":"https:\/\/help.followchristdaily.app\/es\/wp-json\/wp\/v2\/types\/page"}],"author":[{"embeddable":true,"href":"https:\/\/help.followchristdaily.app\/es\/wp-json\/wp\/v2\/users\/1"}],"replies":[{"embeddable":true,"href":"https:\/\/help.followchristdaily.app\/es\/wp-json\/wp\/v2\/comments?post=612"}],"version-history":[{"count":4,"href":"https:\/\/help.followchristdaily.app\/es\/wp-json\/wp\/v2\/pages\/612\/revisions"}],"predecessor-version":[{"id":662,"href":"https:\/\/help.followchristdaily.app\/es\/wp-json\/wp\/v2\/pages\/612\/revisions\/662"}],"wp:attachment":[{"href":"https:\/\/help.followchristdaily.app\/es\/wp-json\/wp\/v2\/media?parent=612"}],"curies":[{"name":"wp","href":"https:\/\/api.w.org\/{rel}","templated":true}]}}